{"id":1642,"date":"2023-01-10T12:00:55","date_gmt":"2023-01-10T12:00:55","guid":{"rendered":"https:\/\/www.congresespectadorsbcn.org\/the-congress\/"},"modified":"2023-08-03T08:10:25","modified_gmt":"2023-08-03T08:10:25","slug":"the-congress","status":"publish","type":"page","link":"https:\/\/www.congresespectadorsbcn.org\/en\/the-congress\/","title":{"rendered":"Congress"},"content":{"rendered":"\n<div class=\"wp-block-group alignfull page-header header-basic header_bg_2 is-layout-flow wp-block-group-is-layout-flow\">\n<div class=\"wp-block-group header-basic-inner is-layout-constrained wp-block-group-is-layout-constrained\"><h1 class=\"wp-block-post-title has-huge-font-size\">Congress<\/h1><\/div>\n<\/div>\n\n<div class=\"wp-block-group block-section is-layout-constrained wp-container-core-group-is-layout-2be3fe20 wp-block-group-is-layout-constrained\">\n<div class=\"wp-block-group is-layout-constrained wp-container-core-group-is-layout-7496cfe0 wp-block-group-is-layout-constrained\">\n<p class=\"has-large-font-size\">The first congress of, for and for theater spectators, who are art and part.<\/p>\n\n\n\n<p class=\"has-text-align-left has-medium-font-size\">The <strong>International Congress of Theater Spectators<\/strong> aims to call spectators to regain their leading role in the value chain of the performing arts and rethink their future role.<\/p>\n<\/div>\n\n\n\n<div class=\"wp-block-group is-horizontal is-content-justification-center is-nowrap is-layout-flex wp-container-core-group-is-layout-a3f9d7d4 wp-block-group-is-layout-flex\">\n<div class=\"wp-block-group is-vertical is-layout-flex wp-container-core-group-is-layout-fe9cc265 wp-block-group-is-layout-flex\">\n<p class=\"has-large-font-size\">+60.000<\/p>\n\n\n\n<p class=\"has-small-font-size\">visitors in the 1st edition<\/p>\n<\/div>\n\n\n\n<div class=\"wp-block-group is-vertical is-layout-flex wp-container-core-group-is-layout-fe9cc265 wp-block-group-is-layout-flex\">\n<p class=\"has-large-font-size\">+600<\/p>\n\n\n\n<p class=\"has-small-font-size\">registered in the 1st edition<\/p>\n<\/div>\n\n\n\n<div class=\"wp-block-group is-vertical is-layout-flex wp-container-core-group-is-layout-fe9cc265 wp-block-group-is-layout-flex\">\n<p class=\"has-large-font-size\">+50<\/p>\n\n\n\n<p class=\"has-small-font-size\">invited people<\/p>\n<\/div>\n\n\n\n<div class=\"wp-block-group is-vertical is-layout-flex wp-container-core-group-is-layout-fe9cc265 wp-block-group-is-layout-flex\">\n<p class=\"has-large-font-size\">+25<\/p>\n\n\n\n<p class=\"has-small-font-size\">countries in the 1st edition<\/p>\n<\/div>\n<\/div>\n\n\n\n<div class=\"wp-block-columns is-layout-flex wp-container-core-columns-is-layout-28f84493 wp-block-columns-is-layout-flex\">\n<div class=\"wp-block-column is-layout-flow wp-block-column-is-layout-flow\" style=\"flex-basis:33.33%\">\n<h2 class=\"wp-block-heading has-primary-color has-text-color has-x-large-font-size\">Diversity<\/h2>\n<\/div>\n\n\n\n<div class=\"wp-block-column is-layout-flow wp-block-column-is-layout-flow\" style=\"flex-basis:66.66%\">\n<p class=\"has-medium-font-size\">Every project, artistic action or contemporary creative process must be affected by social values such as equity, cultural diversity and social inclusion, environmental sustainability or respect and knowledge of different languages, customs and cultures.<\/p>\n<\/div>\n<\/div>\n\n\n\n<div class=\"wp-block-columns is-layout-flex wp-container-core-columns-is-layout-28f84493 wp-block-columns-is-layout-flex\">\n<div class=\"wp-block-column is-layout-flow wp-block-column-is-layout-flow\" style=\"flex-basis:33.33%\">\n<h2 class=\"wp-block-heading has-primary-color has-text-color has-x-large-font-size\">Participation<\/h2>\n<\/div>\n\n\n\n<div class=\"wp-block-column is-layout-flow wp-block-column-is-layout-flow\" style=\"flex-basis:66.66%\">\n<p class=\"has-medium-font-size\">Participation means having an active role and getting involved in all the different roles that can be given in any performing arts project, from participating in the design of the projects themselves, the programming of the spaces, in the creative processes, in the dissemination and communication, or in development, management and financing.<\/p>\n<\/div>\n<\/div>\n\n\n\n<div class=\"wp-block-columns is-layout-flex wp-container-core-columns-is-layout-28f84493 wp-block-columns-is-layout-flex\">\n<div class=\"wp-block-column is-layout-flow wp-block-column-is-layout-flow\" style=\"flex-basis:33.33%\">\n<h2 class=\"wp-block-heading has-primary-color has-text-color has-x-large-font-size\">Transversality<\/h2>\n<\/div>\n\n\n\n<div class=\"wp-block-column is-layout-flow wp-block-column-is-layout-flow\" style=\"flex-basis:66.66%\">\n<p class=\"has-medium-font-size\">Eliminate the limits in the roles, in the sectors, in the disciplines, dialoguing with other fields, not only cultural, but also scientific, social, anthropological or philosophical, including topics as important today as the relationship between culture and health, tourism , education, sport or cultural mediation, in order to share, understand and generate new spaces for dialogue.&#13;\nM\u00e9s de 50 espectadors convidats de 25 pa\u00efsos, de tots els continents, es trobaran al I Congr\u00e9s Internacional d\u2019Espectadors de Teatre per intercanviar experi\u00e8ncies internacionals remarcables que situen els espectadors teatrals a l\u2019eix vertebrador de l\u2019activitat teatral.<\/p>\n<\/div>\n<\/div>\n\n\n\n<div class=\"wp-block-group is-content-justification-center is-layout-constrained wp-container-core-group-is-layout-d9ca2e2c wp-block-group-is-layout-constrained\">\n<p class=\"has-text-align-center has-medium-font-size\">At the same time, the Congress is open to theatergoers in general, cultural managers, creators and artists, representatives of public administrations, researchers, consultants, the university community and curious people interested in audiences and the performing arts.<\/p>\n<\/div>\n<\/div>\n","protected":false},"excerpt":{"rendered":"<p>The first congress of, for and for theater spectators, who are art and part. The International Congress of Theater Spectators aims to call spectators to regain their leading role in the value chain of the performing arts and rethink their future role. +60.000 visitors in the 1st edition +600 registered in the 1st edition +50<a class=\"excerpt-read-more\" href=\"https:\/\/www.congresespectadorsbcn.org\/en\/the-congress\/\" title=\"ReadCongress\"> &#8230; Read more<\/a><\/p>\n","protected":false},"author":1,"featured_media":0,"parent":0,"menu_order":0,"comment_status":"closed","ping_status":"closed","template":"","meta":{"_acf_changed":false,"_eb_attr":"","footnotes":""},"class_list":["post-1642","page","type-page","status-publish","hentry"],"acf":[],"yoast_head":"<!-- This site is optimized with the Yoast SEO plugin v27.5 - https:\/\/yoast.com\/product\/yoast-seo-wordpress\/ -->\n<title>Congress - International Congress of Theater Spectators<\/title>\n<meta name=\"description\" content=\"This is not another congress about the audiences. It is the only international meeting of, by, and for theatre spectators, who are art and part\" \/>\n<meta name=\"robots\" content=\"index, follow, max-snippet:-1, max-image-preview:large, max-video-preview:-1\" \/>\n<link rel=\"canonical\" href=\"https:\/\/www.congresespectadorsbcn.org\/en\/the-congress\/\" \/>\n<meta property=\"og:locale\" content=\"en_US\" \/>\n<meta property=\"og:type\" content=\"article\" \/>\n<meta property=\"og:title\" content=\"Congress - International Congress of Theater Spectators\" \/>\n<meta property=\"og:description\" content=\"This is not another congress about the audiences. It is the only international meeting of, by, and for theatre spectators, who are art and part\" \/>\n<meta property=\"og:url\" content=\"https:\/\/www.congresespectadorsbcn.org\/en\/the-congress\/\" \/>\n<meta property=\"og:site_name\" content=\"International Congress of Theater Spectators\" \/>\n<meta property=\"article:modified_time\" content=\"2023-08-03T08:10:25+00:00\" \/>\n<meta name=\"twitter:card\" content=\"summary_large_image\" \/>\n<script type=\"application\/ld+json\" class=\"yoast-schema-graph\">{\"@context\":\"https:\\\/\\\/schema.org\",\"@graph\":[{\"@type\":\"WebPage\",\"@id\":\"https:\\\/\\\/www.congresespectadorsbcn.org\\\/en\\\/the-congress\\\/\",\"url\":\"https:\\\/\\\/www.congresespectadorsbcn.org\\\/en\\\/the-congress\\\/\",\"name\":\"Congress - International Congress of Theater Spectators\",\"isPartOf\":{\"@id\":\"https:\\\/\\\/www.congresespectadorsbcn.org\\\/en\\\/#website\"},\"datePublished\":\"2023-01-10T12:00:55+00:00\",\"dateModified\":\"2023-08-03T08:10:25+00:00\",\"description\":\"This is not another congress about the audiences. It is the only international meeting of, by, and for theatre spectators, who are art and part\",\"breadcrumb\":{\"@id\":\"https:\\\/\\\/www.congresespectadorsbcn.org\\\/en\\\/the-congress\\\/#breadcrumb\"},\"inLanguage\":\"en-US\",\"potentialAction\":[{\"@type\":\"ReadAction\",\"target\":[\"https:\\\/\\\/www.congresespectadorsbcn.org\\\/en\\\/the-congress\\\/\"]}]},{\"@type\":\"BreadcrumbList\",\"@id\":\"https:\\\/\\\/www.congresespectadorsbcn.org\\\/en\\\/the-congress\\\/#breadcrumb\",\"itemListElement\":[{\"@type\":\"ListItem\",\"position\":1,\"name\":\"Portada\",\"item\":\"https:\\\/\\\/www.congresespectadorsbcn.org\\\/en\\\/\"},{\"@type\":\"ListItem\",\"position\":2,\"name\":\"International Congress of Theater Spectators\"}]},{\"@type\":\"WebSite\",\"@id\":\"https:\\\/\\\/www.congresespectadorsbcn.org\\\/en\\\/#website\",\"url\":\"https:\\\/\\\/www.congresespectadorsbcn.org\\\/en\\\/\",\"name\":\"International Congress of Theater Spectators\",\"description\":\"This is not another congress about the audiences. It is the only international meeting of, by, and for theatre spectators, who are art and part. A unique opportunity to learn first-hand the needs, desires, concerns, and beliefs of performing arts spectators\",\"potentialAction\":[{\"@type\":\"SearchAction\",\"target\":{\"@type\":\"EntryPoint\",\"urlTemplate\":\"https:\\\/\\\/www.congresespectadorsbcn.org\\\/en\\\/?s={search_term_string}\"},\"query-input\":{\"@type\":\"PropertyValueSpecification\",\"valueRequired\":true,\"valueName\":\"search_term_string\"}}],\"inLanguage\":\"en-US\"}]}<\/script>\n<!-- \/ Yoast SEO plugin. -->","yoast_head_json":{"title":"Congress - International Congress of Theater Spectators","description":"This is not another congress about the audiences. It is the only international meeting of, by, and for theatre spectators, who are art and part","robots":{"index":"index","follow":"follow","max-snippet":"max-snippet:-1","max-image-preview":"max-image-preview:large","max-video-preview":"max-video-preview:-1"},"canonical":"https:\/\/www.congresespectadorsbcn.org\/en\/the-congress\/","og_locale":"en_US","og_type":"article","og_title":"Congress - International Congress of Theater Spectators","og_description":"This is not another congress about the audiences. It is the only international meeting of, by, and for theatre spectators, who are art and part","og_url":"https:\/\/www.congresespectadorsbcn.org\/en\/the-congress\/","og_site_name":"International Congress of Theater Spectators","article_modified_time":"2023-08-03T08:10:25+00:00","twitter_card":"summary_large_image","schema":{"@context":"https:\/\/schema.org","@graph":[{"@type":"WebPage","@id":"https:\/\/www.congresespectadorsbcn.org\/en\/the-congress\/","url":"https:\/\/www.congresespectadorsbcn.org\/en\/the-congress\/","name":"Congress - International Congress of Theater Spectators","isPartOf":{"@id":"https:\/\/www.congresespectadorsbcn.org\/en\/#website"},"datePublished":"2023-01-10T12:00:55+00:00","dateModified":"2023-08-03T08:10:25+00:00","description":"This is not another congress about the audiences. It is the only international meeting of, by, and for theatre spectators, who are art and part","breadcrumb":{"@id":"https:\/\/www.congresespectadorsbcn.org\/en\/the-congress\/#breadcrumb"},"inLanguage":"en-US","potentialAction":[{"@type":"ReadAction","target":["https:\/\/www.congresespectadorsbcn.org\/en\/the-congress\/"]}]},{"@type":"BreadcrumbList","@id":"https:\/\/www.congresespectadorsbcn.org\/en\/the-congress\/#breadcrumb","itemListElement":[{"@type":"ListItem","position":1,"name":"Portada","item":"https:\/\/www.congresespectadorsbcn.org\/en\/"},{"@type":"ListItem","position":2,"name":"International Congress of Theater Spectators"}]},{"@type":"WebSite","@id":"https:\/\/www.congresespectadorsbcn.org\/en\/#website","url":"https:\/\/www.congresespectadorsbcn.org\/en\/","name":"International Congress of Theater Spectators","description":"This is not another congress about the audiences. It is the only international meeting of, by, and for theatre spectators, who are art and part. A unique opportunity to learn first-hand the needs, desires, concerns, and beliefs of performing arts spectators","potentialAction":[{"@type":"SearchAction","target":{"@type":"EntryPoint","urlTemplate":"https:\/\/www.congresespectadorsbcn.org\/en\/?s={search_term_string}"},"query-input":{"@type":"PropertyValueSpecification","valueRequired":true,"valueName":"search_term_string"}}],"inLanguage":"en-US"}]}},"_links":{"self":[{"href":"https:\/\/www.congresespectadorsbcn.org\/en\/wp-json\/wp\/v2\/pages\/1642","targetHints":{"allow":["GET"]}}],"collection":[{"href":"https:\/\/www.congresespectadorsbcn.org\/en\/wp-json\/wp\/v2\/pages"}],"about":[{"href":"https:\/\/www.congresespectadorsbcn.org\/en\/wp-json\/wp\/v2\/types\/page"}],"author":[{"embeddable":true,"href":"https:\/\/www.congresespectadorsbcn.org\/en\/wp-json\/wp\/v2\/users\/1"}],"replies":[{"embeddable":true,"href":"https:\/\/www.congresespectadorsbcn.org\/en\/wp-json\/wp\/v2\/comments?post=1642"}],"version-history":[{"count":5,"href":"https:\/\/www.congresespectadorsbcn.org\/en\/wp-json\/wp\/v2\/pages\/1642\/revisions"}],"predecessor-version":[{"id":1760,"href":"https:\/\/www.congresespectadorsbcn.org\/en\/wp-json\/wp\/v2\/pages\/1642\/revisions\/1760"}],"wp:attachment":[{"href":"https:\/\/www.congresespectadorsbcn.org\/en\/wp-json\/wp\/v2\/media?parent=1642"}],"curies":[{"name":"wp","href":"https:\/\/api.w.org\/{rel}","templated":true}]}}