{"id":1659,"date":"2023-01-20T14:18:11","date_gmt":"2023-01-20T14:18:11","guid":{"rendered":"https:\/\/www.congresespectadorsbcn.org\/prensa\/"},"modified":"2023-07-31T15:25:23","modified_gmt":"2023-07-31T15:25:23","slug":"prensa","status":"publish","type":"page","link":"https:\/\/www.congresespectadorsbcn.org\/es\/prensa\/","title":{"rendered":"Prensa"},"content":{"rendered":"\n<div class=\"wp-block-group alignfull page-header header-basic header_bg_2 is-layout-flow wp-block-group-is-layout-flow\">\n<div class=\"wp-block-group header-basic-inner is-layout-constrained wp-block-group-is-layout-constrained\"><h1 class=\"wp-block-post-title has-huge-font-size\">Prensa<\/h1><\/div>\n<\/div>\n\n\n\n<div class=\"wp-block-group block-section is-layout-constrained wp-block-group-is-layout-constrained\"><section id=\"cpt-query-block_5cdc3a425e99b95e14c02280b0446ace\" class=\"cpt-query press-list disable-click-for-preview\">\n    <div class=\"press-list\">\n                <!-- pagination here -->\n        <!-- the loop -->\n                <a href=\"https:\/\/www.congresespectadorsbcn.org\/es\/prensa\/ii-congres-internacional-despectadors-de-teatre\/\">\n        <article class=\"press-item\">\n            \n         \n                        <img decoding=\"async\" src=\"https:\/\/www.congresespectadorsbcn.org\/wp-content\/themes\/congresespectadors\/assets\/images\/no_image.svg\" alt=\"\">\n              \n            <div class=\"\">\n            <h2 class=\"has-medium-font-size\">\n                II Congreso Internacional de Espectadores de Teatro            <\/h2>\n            <span class=\"has-small-font-size has-black-color\">\n                27 de noviembre de 2024<\/span>\n            <\/div>\n             <div class=\"\"> \n                <div class=\"icon-circle solid tiny\">\n                    <svg class=\"icon\" viewBox=\"0 0 60 60\"><use xlink:href=\"#arrow-right\"><\/use><\/svg>                    \n                <\/div>\n            <\/div>\n        <\/article>\n    <\/a>                <a href=\"https:\/\/www.congresespectadorsbcn.org\/es\/prensa\/i-edicion-2022-del-congreso\/\">\n        <article class=\"press-item\">\n            \n         \n            <img loading=\"lazy\" decoding=\"async\" width=\"300\" height=\"179\" src=\"https:\/\/www.congresespectadorsbcn.org\/wp-content\/uploads\/2023\/01\/1L3A2629-300x179.jpg\" class=\"attachment-medium size-medium wp-post-image\" alt=\"\" srcset=\"https:\/\/www.congresespectadorsbcn.org\/wp-content\/uploads\/2023\/01\/1L3A2629-300x179.jpg 300w, https:\/\/www.congresespectadorsbcn.org\/wp-content\/uploads\/2023\/01\/1L3A2629-1124x672.jpg 1124w, https:\/\/www.congresespectadorsbcn.org\/wp-content\/uploads\/2023\/01\/1L3A2629-800x478.jpg 800w\" sizes=\"auto, (max-width: 300px) 100vw, 300px\" \/>  \n            <div class=\"\">\n            <h2 class=\"has-medium-font-size\">\n                I edici\u00f3n 2022 del Congreso            <\/h2>\n            <span class=\"has-small-font-size has-black-color\">\n                7 de febrero de 2023<\/span>\n            <\/div>\n             <div class=\"\"> \n                <div class=\"icon-circle solid tiny\">\n                    <svg class=\"icon\" viewBox=\"0 0 60 60\"><use xlink:href=\"#arrow-right\"><\/use><\/svg>                    \n                <\/div>\n            <\/div>\n        <\/article>\n    <\/a>                <!-- end of the loop -->\n        <!-- pagination here -->\n                    <\/div>\n<\/section><\/div>\n","protected":false},"excerpt":{"rendered":"","protected":false},"author":1,"featured_media":0,"parent":0,"menu_order":0,"comment_status":"closed","ping_status":"closed","template":"","meta":{"_acf_changed":false,"_eb_attr":"","footnotes":""},"class_list":["post-1659","page","type-page","status-publish","hentry"],"acf":[],"yoast_head":"<!-- This site is optimized with the Yoast SEO plugin v27.3 - https:\/\/yoast.com\/product\/yoast-seo-wordpress\/ -->\n<title>Prensa - Congreso Internacional de Espectadores de Teatro<\/title>\n<meta name=\"robots\" content=\"index, follow, max-snippet:-1, max-image-preview:large, max-video-preview:-1\" \/>\n<link rel=\"canonical\" href=\"https:\/\/www.congresespectadorsbcn.org\/es\/prensa\/\" \/>\n<meta property=\"og:locale\" content=\"es_ES\" \/>\n<meta property=\"og:type\" content=\"article\" \/>\n<meta property=\"og:title\" content=\"Prensa - Congreso Internacional de Espectadores de Teatro\" \/>\n<meta property=\"og:url\" content=\"https:\/\/www.congresespectadorsbcn.org\/es\/prensa\/\" \/>\n<meta property=\"og:site_name\" content=\"Congreso Internacional de Espectadores de Teatro\" \/>\n<meta property=\"article:modified_time\" content=\"2023-07-31T15:25:23+00:00\" \/>\n<meta name=\"twitter:card\" content=\"summary_large_image\" \/>\n<script type=\"application\/ld+json\" class=\"yoast-schema-graph\">{\"@context\":\"https:\\\/\\\/schema.org\",\"@graph\":[{\"@type\":\"WebPage\",\"@id\":\"https:\\\/\\\/www.congresespectadorsbcn.org\\\/es\\\/prensa\\\/\",\"url\":\"https:\\\/\\\/www.congresespectadorsbcn.org\\\/es\\\/prensa\\\/\",\"name\":\"Prensa - Congreso Internacional de Espectadores de Teatro\",\"isPartOf\":{\"@id\":\"https:\\\/\\\/www.congresespectadorsbcn.org\\\/es\\\/#website\"},\"datePublished\":\"2023-01-20T14:18:11+00:00\",\"dateModified\":\"2023-07-31T15:25:23+00:00\",\"breadcrumb\":{\"@id\":\"https:\\\/\\\/www.congresespectadorsbcn.org\\\/es\\\/prensa\\\/#breadcrumb\"},\"inLanguage\":\"es\",\"potentialAction\":[{\"@type\":\"ReadAction\",\"target\":[\"https:\\\/\\\/www.congresespectadorsbcn.org\\\/es\\\/prensa\\\/\"]}]},{\"@type\":\"BreadcrumbList\",\"@id\":\"https:\\\/\\\/www.congresespectadorsbcn.org\\\/es\\\/prensa\\\/#breadcrumb\",\"itemListElement\":[{\"@type\":\"ListItem\",\"position\":1,\"name\":\"Portada\",\"item\":\"https:\\\/\\\/www.congresespectadorsbcn.org\\\/es\\\/\"},{\"@type\":\"ListItem\",\"position\":2,\"name\":\"Prensa\"}]},{\"@type\":\"WebSite\",\"@id\":\"https:\\\/\\\/www.congresespectadorsbcn.org\\\/es\\\/#website\",\"url\":\"https:\\\/\\\/www.congresespectadorsbcn.org\\\/es\\\/\",\"name\":\"Congreso Internacional de Espectadores de Teatro\",\"description\":\"Este no es un congreso m\u00e1s sobre los p\u00fablicos. Es el \u00fanico encuentro internacional de, por y para los espectadores y las espectadoras de teatro, que son arte y parte. Una oportunidad \u00fanica para conocer de primera mano las necesiidades, los deseos, las inquietudes, las creencias de los espectadores de artes esc\u00e9nicas\",\"potentialAction\":[{\"@type\":\"SearchAction\",\"target\":{\"@type\":\"EntryPoint\",\"urlTemplate\":\"https:\\\/\\\/www.congresespectadorsbcn.org\\\/es\\\/?s={search_term_string}\"},\"query-input\":{\"@type\":\"PropertyValueSpecification\",\"valueRequired\":true,\"valueName\":\"search_term_string\"}}],\"inLanguage\":\"es\"}]}<\/script>\n<!-- \/ Yoast SEO plugin. -->","yoast_head_json":{"title":"Prensa - Congreso Internacional de Espectadores de Teatro","robots":{"index":"index","follow":"follow","max-snippet":"max-snippet:-1","max-image-preview":"max-image-preview:large","max-video-preview":"max-video-preview:-1"},"canonical":"https:\/\/www.congresespectadorsbcn.org\/es\/prensa\/","og_locale":"es_ES","og_type":"article","og_title":"Prensa - Congreso Internacional de Espectadores de Teatro","og_url":"https:\/\/www.congresespectadorsbcn.org\/es\/prensa\/","og_site_name":"Congreso Internacional de Espectadores de Teatro","article_modified_time":"2023-07-31T15:25:23+00:00","twitter_card":"summary_large_image","schema":{"@context":"https:\/\/schema.org","@graph":[{"@type":"WebPage","@id":"https:\/\/www.congresespectadorsbcn.org\/es\/prensa\/","url":"https:\/\/www.congresespectadorsbcn.org\/es\/prensa\/","name":"Prensa - Congreso Internacional de Espectadores de Teatro","isPartOf":{"@id":"https:\/\/www.congresespectadorsbcn.org\/es\/#website"},"datePublished":"2023-01-20T14:18:11+00:00","dateModified":"2023-07-31T15:25:23+00:00","breadcrumb":{"@id":"https:\/\/www.congresespectadorsbcn.org\/es\/prensa\/#breadcrumb"},"inLanguage":"es","potentialAction":[{"@type":"ReadAction","target":["https:\/\/www.congresespectadorsbcn.org\/es\/prensa\/"]}]},{"@type":"BreadcrumbList","@id":"https:\/\/www.congresespectadorsbcn.org\/es\/prensa\/#breadcrumb","itemListElement":[{"@type":"ListItem","position":1,"name":"Portada","item":"https:\/\/www.congresespectadorsbcn.org\/es\/"},{"@type":"ListItem","position":2,"name":"Prensa"}]},{"@type":"WebSite","@id":"https:\/\/www.congresespectadorsbcn.org\/es\/#website","url":"https:\/\/www.congresespectadorsbcn.org\/es\/","name":"Congreso Internacional de Espectadores de Teatro","description":"Este no es un congreso m\u00e1s sobre los p\u00fablicos. Es el \u00fanico encuentro internacional de, por y para los espectadores y las espectadoras de teatro, que son arte y parte. Una oportunidad \u00fanica para conocer de primera mano las necesiidades, los deseos, las inquietudes, las creencias de los espectadores de artes esc\u00e9nicas","potentialAction":[{"@type":"SearchAction","target":{"@type":"EntryPoint","urlTemplate":"https:\/\/www.congresespectadorsbcn.org\/es\/?s={search_term_string}"},"query-input":{"@type":"PropertyValueSpecification","valueRequired":true,"valueName":"search_term_string"}}],"inLanguage":"es"}]}},"_links":{"self":[{"href":"https:\/\/www.congresespectadorsbcn.org\/es\/wp-json\/wp\/v2\/pages\/1659","targetHints":{"allow":["GET"]}}],"collection":[{"href":"https:\/\/www.congresespectadorsbcn.org\/es\/wp-json\/wp\/v2\/pages"}],"about":[{"href":"https:\/\/www.congresespectadorsbcn.org\/es\/wp-json\/wp\/v2\/types\/page"}],"author":[{"embeddable":true,"href":"https:\/\/www.congresespectadorsbcn.org\/es\/wp-json\/wp\/v2\/users\/1"}],"replies":[{"embeddable":true,"href":"https:\/\/www.congresespectadorsbcn.org\/es\/wp-json\/wp\/v2\/comments?post=1659"}],"version-history":[{"count":2,"href":"https:\/\/www.congresespectadorsbcn.org\/es\/wp-json\/wp\/v2\/pages\/1659\/revisions"}],"predecessor-version":[{"id":1705,"href":"https:\/\/www.congresespectadorsbcn.org\/es\/wp-json\/wp\/v2\/pages\/1659\/revisions\/1705"}],"wp:attachment":[{"href":"https:\/\/www.congresespectadorsbcn.org\/es\/wp-json\/wp\/v2\/media?parent=1659"}],"curies":[{"name":"wp","href":"https:\/\/api.w.org\/{rel}","templated":true}]}}