{"id":1667,"date":"2023-01-16T18:20:50","date_gmt":"2023-01-16T18:20:50","guid":{"rendered":"https:\/\/www.congresespectadorsbcn.org\/actualidad\/"},"modified":"2023-08-01T11:51:48","modified_gmt":"2023-08-01T11:51:48","slug":"actualidad","status":"publish","type":"page","link":"https:\/\/www.congresespectadorsbcn.org\/es\/actualidad\/","title":{"rendered":"Actualidad"},"content":{"rendered":"\n<div class=\"wp-block-group alignfull page-header header-basic header_bg_2 is-layout-flow wp-block-group-is-layout-flow\">\n<div class=\"wp-block-group header-basic-inner is-layout-constrained wp-block-group-is-layout-constrained\"><h1 class=\"wp-block-post-title has-huge-font-size\">Actualidad<\/h1><\/div>\n<\/div>\n\n<div class=\"wp-block-group is-layout-flow wp-container-core-group-is-layout-72e98f90 wp-block-group-is-layout-flow\" style=\"padding-top:30px;padding-right:20px;padding-bottom:60px;padding-left:20px\"><ul class=\"wp-block-categories-list aligncenter wp-block-categories has-default-font-size\">\t<li class=\"cat-item cat-item-6\"><a href=\"https:\/\/www.congresespectadorsbcn.org\/es\/category\/noticias\/\">Noticias<\/a>\n<\/li>\n\t<li class=\"cat-item cat-item-192\"><a href=\"https:\/\/www.congresespectadorsbcn.org\/es\/category\/publicaciones\/\">Publicaciones<\/a>\n<\/li>\n<\/ul>\n\n\n<div class=\"wp-block-query is-layout-constrained wp-block-query-is-layout-constrained\"><ul class=\"is-flex-container columns-3 wp-block-post-template is-layout-flow wp-block-post-template-is-layout-flow\"><li class=\"wp-block-post post-3055 post type-post status-publish format-standard hentry category-noticias\">\n<figure style=\"width:100%;height:285px;\" class=\"wp-block-post-featured-image\"><a href=\"https:\/\/www.congresespectadorsbcn.org\/es\/confirmados-los-4-expertos-internacionales-que-ofreceran-conferencias-y-talleres-en-el-congreso\/\" target=\"_self\"  style=\"height:285px\"><img loading=\"lazy\" decoding=\"async\" width=\"1265\" height=\"678\" src=\"https:\/\/www.congresespectadorsbcn.org\/wp-content\/uploads\/2024\/09\/Captura-de-pantalla-2024-09-29-133334.png\" class=\"attachment-post-thumbnail size-post-thumbnail wp-post-image\" alt=\"Confirmados los 4 expertos internacionales que ofrecer\u00e1n conferencias y talleres en el Congreso\" style=\"height:285px;object-fit:cover;\" srcset=\"https:\/\/www.congresespectadorsbcn.org\/wp-content\/uploads\/2024\/09\/Captura-de-pantalla-2024-09-29-133334.png 1265w, https:\/\/www.congresespectadorsbcn.org\/wp-content\/uploads\/2024\/09\/Captura-de-pantalla-2024-09-29-133334-300x161.png 300w, https:\/\/www.congresespectadorsbcn.org\/wp-content\/uploads\/2024\/09\/Captura-de-pantalla-2024-09-29-133334-1124x602.png 1124w, https:\/\/www.congresespectadorsbcn.org\/wp-content\/uploads\/2024\/09\/Captura-de-pantalla-2024-09-29-133334-800x429.png 800w\" sizes=\"auto, (max-width: 1265px) 100vw, 1265px\" \/><\/a><\/figure>\n\n\n<div class=\"wp-block-group archive-post-meta is-content-justification-space-between is-nowrap is-layout-flex wp-container-core-group-is-layout-cb46ffcb wp-block-group-is-layout-flex\"><div class=\"taxonomy-category right wp-block-post-terms\"><a href=\"https:\/\/www.congresespectadorsbcn.org\/es\/category\/noticias\/\" rel=\"tag\">Noticias<\/a><\/div><\/div>\n\n\n<h2 class=\"has-text-align-left wp-block-post-title has-text-color has-foreground-color has-medium-font-size\"><a href=\"https:\/\/www.congresespectadorsbcn.org\/es\/confirmados-los-4-expertos-internacionales-que-ofreceran-conferencias-y-talleres-en-el-congreso\/\" target=\"_self\" >Confirmados los 4 expertos internacionales que ofrecer\u00e1n conferencias y talleres en el Congreso<\/a><\/h2>\n<\/li><li class=\"wp-block-post post-3035 post type-post status-publish format-standard hentry category-noticias\">\n<figure style=\"width:100%;height:285px;\" class=\"wp-block-post-featured-image\"><a href=\"https:\/\/www.congresespectadorsbcn.org\/es\/9-profesionales-del-sector-de-las-artes-escenicas-integran-el-consejo-asesor-internacional-del-congreso\/\" target=\"_self\"  style=\"height:285px\"><img loading=\"lazy\" decoding=\"async\" width=\"987\" height=\"387\" src=\"https:\/\/www.congresespectadorsbcn.org\/wp-content\/uploads\/2024\/09\/Captura-de-pantalla-2024-10-23-073959.png\" class=\"attachment-post-thumbnail size-post-thumbnail wp-post-image\" alt=\"9 profesionales del sector de las artes esc\u00e9nicas integran el Consejo Asesor Internacional del Congreso\" style=\"height:285px;object-fit:cover;\" srcset=\"https:\/\/www.congresespectadorsbcn.org\/wp-content\/uploads\/2024\/09\/Captura-de-pantalla-2024-10-23-073959.png 987w, https:\/\/www.congresespectadorsbcn.org\/wp-content\/uploads\/2024\/09\/Captura-de-pantalla-2024-10-23-073959-300x118.png 300w, https:\/\/www.congresespectadorsbcn.org\/wp-content\/uploads\/2024\/09\/Captura-de-pantalla-2024-10-23-073959-800x314.png 800w\" sizes=\"auto, (max-width: 987px) 100vw, 987px\" \/><\/a><\/figure>\n\n\n<div class=\"wp-block-group archive-post-meta is-content-justification-space-between is-nowrap is-layout-flex wp-container-core-group-is-layout-cb46ffcb wp-block-group-is-layout-flex\"><div class=\"taxonomy-category right wp-block-post-terms\"><a href=\"https:\/\/www.congresespectadorsbcn.org\/es\/category\/noticias\/\" rel=\"tag\">Noticias<\/a><\/div><\/div>\n\n\n<h2 class=\"has-text-align-left wp-block-post-title has-text-color has-foreground-color has-medium-font-size\"><a href=\"https:\/\/www.congresespectadorsbcn.org\/es\/9-profesionales-del-sector-de-las-artes-escenicas-integran-el-consejo-asesor-internacional-del-congreso\/\" target=\"_self\" >9 profesionales del sector de las artes esc\u00e9nicas integran el Consejo Asesor Internacional del Congreso<\/a><\/h2>\n<\/li><li class=\"wp-block-post post-2329 post type-post status-publish format-standard hentry category-noticias\">\n<figure style=\"width:100%;height:285px;\" class=\"wp-block-post-featured-image\"><a href=\"https:\/\/www.congresespectadorsbcn.org\/es\/seleccionado-el-grupo-de-50-espectadores-internacionales-invitados-al-congreso\/\" target=\"_self\"  style=\"height:285px\"><img loading=\"lazy\" decoding=\"async\" width=\"2560\" height=\"1707\" src=\"https:\/\/www.congresespectadorsbcn.org\/wp-content\/uploads\/2024\/09\/50-espectadors-internacionals-scaled.jpg\" class=\"attachment-post-thumbnail size-post-thumbnail wp-post-image\" alt=\"Seleccionado el grupo de 50 Espectadores Internacionales invitados al Congreso\" style=\"height:285px;object-fit:cover;\" srcset=\"https:\/\/www.congresespectadorsbcn.org\/wp-content\/uploads\/2024\/09\/50-espectadors-internacionals-scaled.jpg 2560w, https:\/\/www.congresespectadorsbcn.org\/wp-content\/uploads\/2024\/09\/50-espectadors-internacionals-300x200.jpg 300w, https:\/\/www.congresespectadorsbcn.org\/wp-content\/uploads\/2024\/09\/50-espectadors-internacionals-1124x750.jpg 1124w, https:\/\/www.congresespectadorsbcn.org\/wp-content\/uploads\/2024\/09\/50-espectadors-internacionals-800x534.jpg 800w, https:\/\/www.congresespectadorsbcn.org\/wp-content\/uploads\/2024\/09\/50-espectadors-internacionals-1536x1024.jpg 1536w, https:\/\/www.congresespectadorsbcn.org\/wp-content\/uploads\/2024\/09\/50-espectadors-internacionals-2048x1366.jpg 2048w, https:\/\/www.congresespectadorsbcn.org\/wp-content\/uploads\/2024\/09\/50-espectadors-internacionals-1500x1000.jpg 1500w\" sizes=\"auto, (max-width: 2560px) 100vw, 2560px\" \/><\/a><\/figure>\n\n\n<div class=\"wp-block-group archive-post-meta is-content-justification-space-between is-nowrap is-layout-flex wp-container-core-group-is-layout-cb46ffcb wp-block-group-is-layout-flex\"><div class=\"taxonomy-category right wp-block-post-terms\"><a href=\"https:\/\/www.congresespectadorsbcn.org\/es\/category\/noticias\/\" rel=\"tag\">Noticias<\/a><\/div><\/div>\n\n\n<h2 class=\"has-text-align-left wp-block-post-title has-text-color has-foreground-color has-medium-font-size\"><a href=\"https:\/\/www.congresespectadorsbcn.org\/es\/seleccionado-el-grupo-de-50-espectadores-internacionales-invitados-al-congreso\/\" target=\"_self\" >Seleccionado el grupo de 50 Espectadores Internacionales invitados al Congreso<\/a><\/h2>\n<\/li><li class=\"wp-block-post post-1899 post type-post status-publish format-standard hentry category-publicaciones\">\n<figure style=\"width:100%;height:285px;\" class=\"wp-block-post-featured-image\"><a href=\"https:\/\/www.congresespectadorsbcn.org\/es\/manifiesto-de-barcelona-de-los-espectadores-de-teatro\/\" target=\"_self\"  style=\"height:285px\"><img loading=\"lazy\" decoding=\"async\" width=\"552\" height=\"736\" src=\"https:\/\/www.congresespectadorsbcn.org\/wp-content\/uploads\/2023\/01\/9788419590237.jpg\" class=\"attachment-post-thumbnail size-post-thumbnail wp-post-image\" alt=\"Manifiesto de Barcelona de los Espectadores de Teatro\" style=\"height:285px;object-fit:cover;\" srcset=\"https:\/\/www.congresespectadorsbcn.org\/wp-content\/uploads\/2023\/01\/9788419590237.jpg 552w, https:\/\/www.congresespectadorsbcn.org\/wp-content\/uploads\/2023\/01\/9788419590237-225x300.jpg 225w\" sizes=\"auto, (max-width: 552px) 100vw, 552px\" \/><\/a><\/figure>\n\n\n<div class=\"wp-block-group archive-post-meta is-content-justification-space-between is-nowrap is-layout-flex wp-container-core-group-is-layout-cb46ffcb wp-block-group-is-layout-flex\"><div class=\"taxonomy-category right wp-block-post-terms\"><a href=\"https:\/\/www.congresespectadorsbcn.org\/es\/category\/publicaciones\/\" rel=\"tag\">Publicaciones<\/a><\/div><\/div>\n\n\n<h2 class=\"has-text-align-left wp-block-post-title has-text-color has-foreground-color has-medium-font-size\"><a href=\"https:\/\/www.congresespectadorsbcn.org\/es\/manifiesto-de-barcelona-de-los-espectadores-de-teatro\/\" target=\"_self\" >Manifiesto de Barcelona de los Espectadores de Teatro<\/a><\/h2>\n<\/li><\/ul>\n\n\n\n<\/div>\n<\/div>\n","protected":false},"excerpt":{"rendered":"","protected":false},"author":1,"featured_media":0,"parent":0,"menu_order":0,"comment_status":"closed","ping_status":"closed","template":"","meta":{"_acf_changed":false,"_eb_attr":"","footnotes":""},"class_list":["post-1667","page","type-page","status-publish","hentry"],"acf":[],"yoast_head":"<!-- This site is optimized with the Yoast SEO plugin v27.3 - https:\/\/yoast.com\/product\/yoast-seo-wordpress\/ -->\n<title>Actualidad - Congreso Internacional de Espectadores de Teatro<\/title>\n<meta name=\"robots\" content=\"index, follow, max-snippet:-1, max-image-preview:large, max-video-preview:-1\" \/>\n<link rel=\"canonical\" href=\"https:\/\/www.congresespectadorsbcn.org\/es\/actualidad\/\" \/>\n<meta property=\"og:locale\" content=\"es_ES\" \/>\n<meta property=\"og:type\" content=\"article\" \/>\n<meta property=\"og:title\" content=\"Actualidad - Congreso Internacional de Espectadores de Teatro\" \/>\n<meta property=\"og:url\" content=\"https:\/\/www.congresespectadorsbcn.org\/es\/actualidad\/\" \/>\n<meta property=\"og:site_name\" content=\"Congreso Internacional de Espectadores de Teatro\" \/>\n<meta property=\"article:modified_time\" content=\"2023-08-01T11:51:48+00:00\" \/>\n<meta name=\"twitter:card\" content=\"summary_large_image\" \/>\n<script type=\"application\/ld+json\" class=\"yoast-schema-graph\">{\"@context\":\"https:\\\/\\\/schema.org\",\"@graph\":[{\"@type\":\"WebPage\",\"@id\":\"https:\\\/\\\/www.congresespectadorsbcn.org\\\/es\\\/actualidad\\\/\",\"url\":\"https:\\\/\\\/www.congresespectadorsbcn.org\\\/es\\\/actualidad\\\/\",\"name\":\"Actualidad - Congreso Internacional de Espectadores de Teatro\",\"isPartOf\":{\"@id\":\"https:\\\/\\\/www.congresespectadorsbcn.org\\\/es\\\/#website\"},\"datePublished\":\"2023-01-16T18:20:50+00:00\",\"dateModified\":\"2023-08-01T11:51:48+00:00\",\"breadcrumb\":{\"@id\":\"https:\\\/\\\/www.congresespectadorsbcn.org\\\/es\\\/actualidad\\\/#breadcrumb\"},\"inLanguage\":\"es\",\"potentialAction\":[{\"@type\":\"ReadAction\",\"target\":[\"https:\\\/\\\/www.congresespectadorsbcn.org\\\/es\\\/actualidad\\\/\"]}]},{\"@type\":\"BreadcrumbList\",\"@id\":\"https:\\\/\\\/www.congresespectadorsbcn.org\\\/es\\\/actualidad\\\/#breadcrumb\",\"itemListElement\":[{\"@type\":\"ListItem\",\"position\":1,\"name\":\"Portada\",\"item\":\"https:\\\/\\\/www.congresespectadorsbcn.org\\\/es\\\/\"},{\"@type\":\"ListItem\",\"position\":2,\"name\":\"Actualidad\"}]},{\"@type\":\"WebSite\",\"@id\":\"https:\\\/\\\/www.congresespectadorsbcn.org\\\/es\\\/#website\",\"url\":\"https:\\\/\\\/www.congresespectadorsbcn.org\\\/es\\\/\",\"name\":\"Congreso Internacional de Espectadores de Teatro\",\"description\":\"Este no es un congreso m\u00e1s sobre los p\u00fablicos. Es el \u00fanico encuentro internacional de, por y para los espectadores y las espectadoras de teatro, que son arte y parte. Una oportunidad \u00fanica para conocer de primera mano las necesiidades, los deseos, las inquietudes, las creencias de los espectadores de artes esc\u00e9nicas\",\"potentialAction\":[{\"@type\":\"SearchAction\",\"target\":{\"@type\":\"EntryPoint\",\"urlTemplate\":\"https:\\\/\\\/www.congresespectadorsbcn.org\\\/es\\\/?s={search_term_string}\"},\"query-input\":{\"@type\":\"PropertyValueSpecification\",\"valueRequired\":true,\"valueName\":\"search_term_string\"}}],\"inLanguage\":\"es\"}]}<\/script>\n<!-- \/ Yoast SEO plugin. -->","yoast_head_json":{"title":"Actualidad - Congreso Internacional de Espectadores de Teatro","robots":{"index":"index","follow":"follow","max-snippet":"max-snippet:-1","max-image-preview":"max-image-preview:large","max-video-preview":"max-video-preview:-1"},"canonical":"https:\/\/www.congresespectadorsbcn.org\/es\/actualidad\/","og_locale":"es_ES","og_type":"article","og_title":"Actualidad - Congreso Internacional de Espectadores de Teatro","og_url":"https:\/\/www.congresespectadorsbcn.org\/es\/actualidad\/","og_site_name":"Congreso Internacional de Espectadores de Teatro","article_modified_time":"2023-08-01T11:51:48+00:00","twitter_card":"summary_large_image","schema":{"@context":"https:\/\/schema.org","@graph":[{"@type":"WebPage","@id":"https:\/\/www.congresespectadorsbcn.org\/es\/actualidad\/","url":"https:\/\/www.congresespectadorsbcn.org\/es\/actualidad\/","name":"Actualidad - Congreso Internacional de Espectadores de Teatro","isPartOf":{"@id":"https:\/\/www.congresespectadorsbcn.org\/es\/#website"},"datePublished":"2023-01-16T18:20:50+00:00","dateModified":"2023-08-01T11:51:48+00:00","breadcrumb":{"@id":"https:\/\/www.congresespectadorsbcn.org\/es\/actualidad\/#breadcrumb"},"inLanguage":"es","potentialAction":[{"@type":"ReadAction","target":["https:\/\/www.congresespectadorsbcn.org\/es\/actualidad\/"]}]},{"@type":"BreadcrumbList","@id":"https:\/\/www.congresespectadorsbcn.org\/es\/actualidad\/#breadcrumb","itemListElement":[{"@type":"ListItem","position":1,"name":"Portada","item":"https:\/\/www.congresespectadorsbcn.org\/es\/"},{"@type":"ListItem","position":2,"name":"Actualidad"}]},{"@type":"WebSite","@id":"https:\/\/www.congresespectadorsbcn.org\/es\/#website","url":"https:\/\/www.congresespectadorsbcn.org\/es\/","name":"Congreso Internacional de Espectadores de Teatro","description":"Este no es un congreso m\u00e1s sobre los p\u00fablicos. Es el \u00fanico encuentro internacional de, por y para los espectadores y las espectadoras de teatro, que son arte y parte. Una oportunidad \u00fanica para conocer de primera mano las necesiidades, los deseos, las inquietudes, las creencias de los espectadores de artes esc\u00e9nicas","potentialAction":[{"@type":"SearchAction","target":{"@type":"EntryPoint","urlTemplate":"https:\/\/www.congresespectadorsbcn.org\/es\/?s={search_term_string}"},"query-input":{"@type":"PropertyValueSpecification","valueRequired":true,"valueName":"search_term_string"}}],"inLanguage":"es"}]}},"_links":{"self":[{"href":"https:\/\/www.congresespectadorsbcn.org\/es\/wp-json\/wp\/v2\/pages\/1667","targetHints":{"allow":["GET"]}}],"collection":[{"href":"https:\/\/www.congresespectadorsbcn.org\/es\/wp-json\/wp\/v2\/pages"}],"about":[{"href":"https:\/\/www.congresespectadorsbcn.org\/es\/wp-json\/wp\/v2\/types\/page"}],"author":[{"embeddable":true,"href":"https:\/\/www.congresespectadorsbcn.org\/es\/wp-json\/wp\/v2\/users\/1"}],"replies":[{"embeddable":true,"href":"https:\/\/www.congresespectadorsbcn.org\/es\/wp-json\/wp\/v2\/comments?post=1667"}],"version-history":[{"count":3,"href":"https:\/\/www.congresespectadorsbcn.org\/es\/wp-json\/wp\/v2\/pages\/1667\/revisions"}],"predecessor-version":[{"id":1749,"href":"https:\/\/www.congresespectadorsbcn.org\/es\/wp-json\/wp\/v2\/pages\/1667\/revisions\/1749"}],"wp:attachment":[{"href":"https:\/\/www.congresespectadorsbcn.org\/es\/wp-json\/wp\/v2\/media?parent=1667"}],"curies":[{"name":"wp","href":"https:\/\/api.w.org\/{rel}","templated":true}]}}