{"id":4194,"date":"2024-11-04T12:05:37","date_gmt":"2024-11-04T12:05:37","guid":{"rendered":"https:\/\/www.congresespectadorsbcn.org\/streaming\/"},"modified":"2024-11-19T08:27:54","modified_gmt":"2024-11-19T08:27:54","slug":"streaming","status":"publish","type":"page","link":"https:\/\/www.congresespectadorsbcn.org\/es\/streaming\/","title":{"rendered":"Streaming"},"content":{"rendered":"","protected":true},"excerpt":{"rendered":"","protected":true},"author":2,"featured_media":0,"parent":0,"menu_order":0,"comment_status":"closed","ping_status":"closed","template":"","meta":{"_acf_changed":false,"_eb_attr":"","footnotes":""},"class_list":["post-4194","page","type-page","status-publish","post-password-required","hentry"],"acf":[],"yoast_head":"<!-- This site is optimized with the Yoast SEO plugin v27.5 - https:\/\/yoast.com\/product\/yoast-seo-wordpress\/ -->\n<title>Streaming - Congreso Internacional de Espectadores de Teatro<\/title>\n<meta name=\"robots\" content=\"index, follow, max-snippet:-1, max-image-preview:large, max-video-preview:-1\" \/>\n<link rel=\"canonical\" href=\"https:\/\/www.congresespectadorsbcn.org\/es\/streaming\/\" \/>\n<meta property=\"og:locale\" content=\"es_ES\" \/>\n<meta property=\"og:type\" content=\"article\" \/>\n<meta property=\"og:title\" content=\"Streaming - Congreso Internacional de Espectadores de Teatro\" \/>\n<meta property=\"og:description\" content=\"No hay extracto porque es una entrada protegida.\" \/>\n<meta property=\"og:url\" content=\"https:\/\/www.congresespectadorsbcn.org\/es\/streaming\/\" \/>\n<meta property=\"og:site_name\" content=\"Congreso Internacional de Espectadores de Teatro\" \/>\n<meta property=\"article:modified_time\" content=\"2024-11-19T08:27:54+00:00\" \/>\n<meta name=\"twitter:card\" content=\"summary_large_image\" \/>\n<meta name=\"twitter:label1\" content=\"Tiempo de lectura\" \/>\n\t<meta name=\"twitter:data1\" content=\"1 minuto\" \/>\n<script type=\"application\/ld+json\" class=\"yoast-schema-graph\">{\"@context\":\"https:\\\/\\\/schema.org\",\"@graph\":[{\"@type\":\"WebPage\",\"@id\":\"https:\\\/\\\/www.congresespectadorsbcn.org\\\/es\\\/streaming\\\/\",\"url\":\"https:\\\/\\\/www.congresespectadorsbcn.org\\\/es\\\/streaming\\\/\",\"name\":\"Streaming - Congreso Internacional de Espectadores de Teatro\",\"isPartOf\":{\"@id\":\"https:\\\/\\\/www.congresespectadorsbcn.org\\\/es\\\/#website\"},\"datePublished\":\"2024-11-04T12:05:37+00:00\",\"dateModified\":\"2024-11-19T08:27:54+00:00\",\"breadcrumb\":{\"@id\":\"https:\\\/\\\/www.congresespectadorsbcn.org\\\/es\\\/streaming\\\/#breadcrumb\"},\"inLanguage\":\"es\"},{\"@type\":\"WebSite\",\"@id\":\"https:\\\/\\\/www.congresespectadorsbcn.org\\\/es\\\/#website\",\"url\":\"https:\\\/\\\/www.congresespectadorsbcn.org\\\/es\\\/\",\"name\":\"Congreso Internacional de Espectadores de Teatro\",\"description\":\"Este no es un congreso m\u00e1s sobre los p\u00fablicos. Es el \u00fanico encuentro internacional de, por y para los espectadores y las espectadoras de teatro, que son arte y parte. Una oportunidad \u00fanica para conocer de primera mano las necesiidades, los deseos, las inquietudes, las creencias de los espectadores de artes esc\u00e9nicas\",\"potentialAction\":[{\"@type\":\"SearchAction\",\"target\":{\"@type\":\"EntryPoint\",\"urlTemplate\":\"https:\\\/\\\/www.congresespectadorsbcn.org\\\/es\\\/?s={search_term_string}\"},\"query-input\":{\"@type\":\"PropertyValueSpecification\",\"valueRequired\":true,\"valueName\":\"search_term_string\"}}],\"inLanguage\":\"es\"}]}<\/script>\n<!-- \/ Yoast SEO plugin. -->","yoast_head_json":{"title":"Streaming - Congreso Internacional de Espectadores de Teatro","robots":{"index":"index","follow":"follow","max-snippet":"max-snippet:-1","max-image-preview":"max-image-preview:large","max-video-preview":"max-video-preview:-1"},"canonical":"https:\/\/www.congresespectadorsbcn.org\/es\/streaming\/","og_locale":"es_ES","og_type":"article","og_title":"Streaming - Congreso Internacional de Espectadores de Teatro","og_description":"No hay extracto porque es una entrada protegida.","og_url":"https:\/\/www.congresespectadorsbcn.org\/es\/streaming\/","og_site_name":"Congreso Internacional de Espectadores de Teatro","article_modified_time":"2024-11-19T08:27:54+00:00","twitter_card":"summary_large_image","twitter_misc":{"Tiempo de lectura":"1 minuto"},"schema":{"@context":"https:\/\/schema.org","@graph":[{"@type":"WebPage","@id":"https:\/\/www.congresespectadorsbcn.org\/es\/streaming\/","url":"https:\/\/www.congresespectadorsbcn.org\/es\/streaming\/","name":"Streaming - Congreso Internacional de Espectadores de Teatro","isPartOf":{"@id":"https:\/\/www.congresespectadorsbcn.org\/es\/#website"},"datePublished":"2024-11-04T12:05:37+00:00","dateModified":"2024-11-19T08:27:54+00:00","breadcrumb":{"@id":"https:\/\/www.congresespectadorsbcn.org\/es\/streaming\/#breadcrumb"},"inLanguage":"es"},{"@type":"WebSite","@id":"https:\/\/www.congresespectadorsbcn.org\/es\/#website","url":"https:\/\/www.congresespectadorsbcn.org\/es\/","name":"Congreso Internacional de Espectadores de Teatro","description":"Este no es un congreso m\u00e1s sobre los p\u00fablicos. Es el \u00fanico encuentro internacional de, por y para los espectadores y las espectadoras de teatro, que son arte y parte. Una oportunidad \u00fanica para conocer de primera mano las necesiidades, los deseos, las inquietudes, las creencias de los espectadores de artes esc\u00e9nicas","potentialAction":[{"@type":"SearchAction","target":{"@type":"EntryPoint","urlTemplate":"https:\/\/www.congresespectadorsbcn.org\/es\/?s={search_term_string}"},"query-input":{"@type":"PropertyValueSpecification","valueRequired":true,"valueName":"search_term_string"}}],"inLanguage":"es"}]}},"_links":{"self":[{"href":"https:\/\/www.congresespectadorsbcn.org\/es\/wp-json\/wp\/v2\/pages\/4194","targetHints":{"allow":["GET"]}}],"collection":[{"href":"https:\/\/www.congresespectadorsbcn.org\/es\/wp-json\/wp\/v2\/pages"}],"about":[{"href":"https:\/\/www.congresespectadorsbcn.org\/es\/wp-json\/wp\/v2\/types\/page"}],"author":[{"embeddable":true,"href":"https:\/\/www.congresespectadorsbcn.org\/es\/wp-json\/wp\/v2\/users\/2"}],"replies":[{"embeddable":true,"href":"https:\/\/www.congresespectadorsbcn.org\/es\/wp-json\/wp\/v2\/comments?post=4194"}],"version-history":[{"count":4,"href":"https:\/\/www.congresespectadorsbcn.org\/es\/wp-json\/wp\/v2\/pages\/4194\/revisions"}],"predecessor-version":[{"id":4359,"href":"https:\/\/www.congresespectadorsbcn.org\/es\/wp-json\/wp\/v2\/pages\/4194\/revisions\/4359"}],"wp:attachment":[{"href":"https:\/\/www.congresespectadorsbcn.org\/es\/wp-json\/wp\/v2\/media?parent=4194"}],"curies":[{"name":"wp","href":"https:\/\/api.w.org\/{rel}","templated":true}]}}